{"id":558,"date":"2023-06-29T12:10:54","date_gmt":"2023-06-29T15:10:54","guid":{"rendered":"https:\/\/carlosp.com.br\/livia\/?page_id=558"},"modified":"2024-02-21T15:21:46","modified_gmt":"2024-02-21T18:21:46","slug":"privacy-policy","status":"publish","type":"page","link":"https:\/\/makeitcleartranslations.com\/pt\/privacy-policy\/","title":{"rendered":"Pol\u00edtica de privacidade"},"content":{"rendered":"<h3 style=\"text-align: center;\"><strong>Make It Clear<br \/>\n<\/strong><strong>Pol\u00edtica de privacidade da nossa empresa<\/strong><\/h3>\n<p>&nbsp;<\/p>\n<p>Esta pol\u00edtica de privacidade explica como nossa empresa utiliza os dados pessoais que coletamos quando voc\u00ea navega em nosso site.<\/p>\n<p>T\u00f3picos:<\/p>\n<ul>\n<li>Quais dados coletamos?<\/li>\n<li>Como coletamos seus dados?<\/li>\n<li>Como utilizamos seus dados?<\/li>\n<li>Como armazenamos seus dados?<\/li>\n<li>Marketing<\/li>\n<li>Quais s\u00e3o seus direitos de prote\u00e7\u00e3o de dados?<\/li>\n<li>O que s\u00e3o cookies?<\/li>\n<li>Como utilizamos os cookies?<\/li>\n<li>Quais tipos de cookies utilizamos?<\/li>\n<li>Como gerenciar os cookies<\/li>\n<li>Pol\u00edticas de privacidade de outros sites<\/li>\n<li>Mudan\u00e7as na nossa pol\u00edtica de privacidade<\/li>\n<li>Como entrar em contato<\/li>\n<\/ul>\n<p>&nbsp;<\/p>\n<p><strong>Quais dados coletamos?<\/strong><\/p>\n<p>Nossa empresa coleta os seguintes dados:<\/p>\n<ul>\n<li>\u2022\tInforma\u00e7\u00f5es pessoais (nome, e-mail, endere\u00e7o, telefone etc.): informa\u00e7\u00f5es necess\u00e1rias para entrarmos em contato a respeito da sua solicita\u00e7\u00e3o;<\/li>\n<li>\u2022\tEndere\u00e7o comercial e CPF: informa\u00e7\u00f5es necess\u00e1rias para fins administrativos e emiss\u00e3o de notas fiscais ou faturas;<\/li>\n<li>Qualquer informa\u00e7\u00e3o espec\u00edfica sobre o projeto que voc\u00ea decida compartilhar conosco<\/li>\n<\/ul>\n<p>&nbsp;<\/p>\n<p><strong>Como coletamos seus dados?<\/strong><\/p>\n<p>Voc\u00ea fornece \u00e0 Make It Clear a maioria dos dados que coletamos. Coletamos e processamos os dados quando voc\u00ea:<\/p>\n<ul>\n<li>\u2022\tEntra em contato ou solicita algum dos nossos servi\u00e7os online.<\/li>\n<li>\u2022\tResponde voluntariamente \u00e0 pesquisa de satisfa\u00e7\u00e3o ou fornece feedback sobre nossos servi\u00e7os por e-mail.<\/li>\n<li>\u2022\tUtiliza ou visualiza nosso site usando os cookies do seu navegador<\/li>\n<\/ul>\n<p>&nbsp;<\/p>\n<p><strong>Como utilizamos seus dados?<\/strong><\/p>\n<p>A Make It Clear coleta seus dados para:<\/p>\n<ul>\n<li>\u2022\tProcessar pedidos e gerenciar sua conta.<\/li>\n<li>\u2022\tEnviar e-mails com ofertas especiais de produtos ou servi\u00e7os que acreditamos ser relevantes para voc\u00ea.<\/li>\n<\/ul>\n<p>\u2022\tSe permitir, a Make It Clear compartilhar\u00e1 seus dados com empresas parceiras e freelancers para que eles possam trabalhar com a empresa no seu projeto. Esses acordos s\u00e3o cobertos por contratos de confidencialidade e pol\u00edtica de prote\u00e7\u00e3o de dados.<\/p>\n<p>Quando a Make It Clear processar um pedido, ela poder\u00e1 enviar seus dados e utilizar informa\u00e7\u00f5es de ag\u00eancias credoras para prevenir fraudes nas compras.<\/p>\n<p>&nbsp;<\/p>\n<p><strong>Como armazenamos seus dados?<\/strong><\/p>\n<p>A Make It Clear armazena seus dados no endere\u00e7o registrado da empresa seguindo as mesmas medidas de seguran\u00e7a que utilizamos para proteger os nossos dados.<\/p>\n<p>A Make It Clear guardar\u00e1 detalhes espec\u00edficos do projeto at\u00e9 que ele esteja finalizado e enquanto for necess\u00e1rio para o relacionamento com o cliente, a menos que haja outros acordos indicando o contr\u00e1rio. Excluiremos os dados espec\u00edficos do projeto caso seja solicitado. Excluiremos seus dados dos nossos dispositivos e unidades de armazenamento.<\/p>\n<p>A Make It Clear guardar\u00e1 suas informa\u00e7\u00f5es pessoais durante o projeto e enquanto for necess\u00e1rio para fins de contabilidade e impostos. Quando esse per\u00edodo terminar, excluiremos seus dados dos nossos dispositivos e unidades de armazenamento.<\/p>\n<p>&nbsp;<\/p>\n<p><strong>Marketing<\/strong><\/p>\n<p>A Make It Clear gostaria de enviar informa\u00e7\u00f5es relevantes sobre produtos e servi\u00e7os nossos e das nossas empresas parceiras.<\/p>\n<p>Caso tenha aceitado receber materiais de marketing, voc\u00ea poder\u00e1 cancelar mais tarde.<\/p>\n<p>Voc\u00ea pode, a qualquer momento, impedir que a Make It Clear entre em contato com voc\u00ea para fins de marketing ou fornecimento de seus dados a empresas parceiras.<\/p>\n<p>Caso n\u00e3o queira receber contato referente a marketing, envie um e-mail para info@makeitcleartranslations.com.<\/p>\n<p>&nbsp;<\/p>\n<p><strong>Quais s\u00e3o seus direitos de prote\u00e7\u00e3o de dados?<\/strong><\/p>\n<p>A Make It Clear quer que voc\u00ea esteja ciente do todos os seus direitos de prote\u00e7\u00e3o de dados. Todos os usu\u00e1rios t\u00eam os seguintes direitos:<br \/>\n<strong>O direito ao acesso<\/strong>\u00a0\u2013 Voc\u00ea tem o direito de solicitar c\u00f3pias dos seus dados pessoais \u00e0 Make It Clear. Esse servi\u00e7o est\u00e1 sujeito \u00e0 cobran\u00e7a.<br \/>\n<strong>O direito \u00e0 retifica\u00e7\u00e3o<\/strong>\u00a0\u2013 Voc\u00ea tem o direito de solicitar que a Make It Clear corrija qualquer informa\u00e7\u00e3o que esteja incorreta. Voc\u00ea tamb\u00e9m tem o direito de solicitar que a Make It Clear complete qualquer informa\u00e7\u00e3o que esteja incompleta.<br \/>\n<strong>O direito de excluir<\/strong>\u00a0\u2013 Voc\u00ea tem o direito, sob certas condi\u00e7\u00f5es, de solicitar que a Make It Clear exclua seus dados pessoais.<br \/>\n<strong>O direito de restringir o processamento<\/strong>\u00a0\u2013 Voc\u00ea tem o direito, sob certas condi\u00e7\u00f5es, de solicitar que a Make It Clear restrinja o processamento dos seus dados pessoais.<br \/>\n<strong>O direito de impedir o processamento<\/strong>\u00a0\u2013 Voc\u00ea tem o direito, sob certas condi\u00e7\u00f5es, de impedir que a Make It Clear processe seus dados pessoais.<br \/>\n<strong>O direito \u00e0 portabilidade de dados<\/strong>\u00a0\u2013 Voc\u00ea tem o direito, sob certas condi\u00e7\u00f5es, de solicitar que a Make It Clear transfira os dados coletados para outra empresa ou diretamente para voc\u00ea.<\/p>\n<p>O prazo de resposta a solicita\u00e7\u00f5es \u00e9 de at\u00e9 um m\u00eas. Caso queira exercer qualquer um desses direitos, entre com contato atrav\u00e9s do nosso e-mail: info@makeitcleartranslations.com.<\/p>\n<p>&nbsp;<\/p>\n<p><strong>Cookies<\/strong><\/p>\n<p>Os cookies s\u00e3o arquivos de texto inseridos no seu computador para coletar informa\u00e7\u00f5es padr\u00e3o de registro na internet ou informa\u00e7\u00f5es sobre o comportamento do usu\u00e1rio. Ao visitar nosso site, poderemos coletar suas informa\u00e7\u00f5es automaticamente atrav\u00e9s dos cookies ou tecnologia similar.<\/p>\n<p>Para mais informa\u00e7\u00f5es, acesse www.allaboutcookies.org.<\/p>\n<p>&nbsp;<\/p>\n<p><strong>Como utilizamos os cookies?<\/strong><\/p>\n<p>A Make It Clear utiliza os cookies de formas diferentes para melhorar sua experi\u00eancia em nosso site, incluindo:<\/p>\n<ul>\n<li>\u2022\tEntender como voc\u00ea utiliza nosso site;<\/li>\n<li>\u2022\tFornecer a melhor experi\u00eancia de usu\u00e1rio.<\/li>\n<\/ul>\n<p>&nbsp;<\/p>\n<p><strong>Quais tipos de cookies utilizamos?<\/strong><\/p>\n<p>H\u00e1 diferentes tipos de cookies, mas no nosso site utilizamos:<\/p>\n<ul>\n<li><strong>Funcionalidade<\/strong> \u2013 A Make It Clear utiliza esses cookies para reconhecer voc\u00ea no nosso site e lembrar das prefer\u00eancias que voc\u00ea selecionou anteriormente. Essas prefer\u00eancias podem incluir a sua localiza\u00e7\u00e3o e o idioma de sua prefer\u00eancia. S\u00e3o utilizados cookies prim\u00e1rios e de terceiros.<\/li>\n<li><strong>Anal\u00edticos<\/strong> \u2013 A Make It Clear utiliza esses cookies para coletar informa\u00e7\u00f5es sobre a sua visita ao nosso site, o conte\u00fado visualizado, os links acessados, as informa\u00e7\u00f5es sobre o navegador, o dispositivo utilizado e o seu endere\u00e7o de IP. Utilizamos esses dados para continuar melhorando sua experi\u00eancia e fornecer um servi\u00e7o mais aprimorado aos nossos visitantes.<\/li>\n<\/ul>\n<p>&nbsp;<\/p>\n<p><strong>Como gerenciar seus cookies<\/strong><\/p>\n<p>Voc\u00ea pode configurar seu navegador para n\u00e3o aceitar os cookies. Os sites abaixo ensinam como remover os cookies do seu navegador. Alguns dos recursos do nosso site podem n\u00e3o funcionar corretamente caso os cookies n\u00e3o sejam aceitos ou sejam removidos do seu navegador.<\/p>\n<p>Para informa\u00e7\u00f5es atualizadas sobre como bloquear ou deletar os cookies, acesse estes links:<br \/>\n(a)\u00a0\u00a0\u00a0\u00a0\u00a0<a href=\"https:\/\/support.google.com\/chrome\/answer\/95647?hl=en\">https:\/\/support.google.com\/chrome\/answer\/95647?hl=en<\/a>\u00a0(Chrome);<br \/>\n(b)\u00a0\u00a0\u00a0\u00a0\u00a0<a href=\"https:\/\/support.mozilla.org\/en-US\/kb\/enable-and-disable-cookies-website-preferences\">https:\/\/support.mozilla.org\/en-US\/kb\/enable-and-disable-cookies-website-preferences<\/a>\u00a0(Firefox);<br \/>\n(c)\u00a0\u00a0\u00a0\u00a0\u00a0\u00a0<a href=\"http:\/\/www.opera.com\/help\/tutorials\/security\/cookies\/\">http:\/\/www.opera.com\/help\/tutorials\/security\/cookies\/<\/a>\u00a0(Opera);<br \/>\n(d)\u00a0\u00a0\u00a0\u00a0\u00a0<a href=\"https:\/\/support.microsoft.com\/en-gb\/help\/17442\/windows-internet-explorer-delete-manage-cookies\">https:\/\/support.microsoft.com\/en-gb\/help\/17442\/windows-internet-explorer-delete-manage-cookies<\/a>\u00a0(Internet Explorer);<br \/>\n(e)\u00a0\u00a0\u00a0\u00a0\u00a0<a href=\"https:\/\/support.apple.com\/kb\/PH21411\">https:\/\/support.apple.com\/kb\/PH21411<\/a>\u00a0(Safari) e<br \/>\n(f)\u00a0\u00a0\u00a0\u00a0\u00a0\u00a0<a href=\"https:\/\/privacy.microsoft.com\/en-us\/windows-10-microsoft-edge-and-privacy\">https:\/\/privacy.microsoft.com\/en-us\/windows-10-microsoft-edge-and-privacy<\/a>\u00a0(Edge).<\/p>\n<p>&nbsp;<\/p>\n<p><strong>Pol\u00edticas de privacidade de outros sites<\/strong><\/p>\n<p>O site da Make It Clear cont\u00e9m links para outros sites. Nossa pol\u00edtica de privacidade se aplica somente ao nosso site. Caso decida acessar os links para sites de terceiros, leia a pol\u00edtica de privacidade deles.<\/p>\n<p>&nbsp;<\/p>\n<p><strong>Mudan\u00e7as na nossa pol\u00edtica de privacidade<\/strong><\/p>\n<p>A pol\u00edtica de privacidade da Make It Clear \u00e9 revisada constantemente e as atualiza\u00e7\u00f5es s\u00e3o disponibilizadas nesta p\u00e1gina. Esta pol\u00edtica de privacidade foi atualizada em 16 de fevereiro de 2024.<\/p>\n<p>&nbsp;<\/p>\n<p><strong>Como entrar em contato<\/strong><\/p>\n<p>Em caso de d\u00favidas sobre a pol\u00edtica de privacidade da Make It Clear, sobre os dados coletados, ou caso que exercer algum dos direitos de prote\u00e7\u00e3o dos seus dados, entre em contato.<\/p>\n<p>Envie um email para:\u00a0<u><a href=\"mailto:info@makeitcleartranslations.com\">info@makeitcleartranslations.com<\/a><\/u><\/p>\n<p>&nbsp;<\/p>","protected":false},"excerpt":{"rendered":"<p>Make It Clear Our Company Privacy Policy &nbsp; This privacy policy will explain how our organization uses the personal data we collect from you when you use our website. Topics: What data do we collect? How do we collect your data? How will we use your data? How do we store your data? Marketing What &hellip; <a href=\"https:\/\/makeitcleartranslations.com\/pt\/privacy-policy\/\" class=\"more-link\">Continue reading <span class=\"screen-reader-text\">Pol\u00edtica de privacidade<\/span><\/a><\/p>","protected":false},"author":1,"featured_media":0,"parent":0,"menu_order":0,"comment_status":"closed","ping_status":"closed","template":"","meta":{"_acf_changed":false,"footnotes":""},"class_list":["post-558","page","type-page","status-publish","hentry"],"acf":[],"_links":{"self":[{"href":"https:\/\/makeitcleartranslations.com\/pt\/wp-json\/wp\/v2\/pages\/558","targetHints":{"allow":["GET"]}}],"collection":[{"href":"https:\/\/makeitcleartranslations.com\/pt\/wp-json\/wp\/v2\/pages"}],"about":[{"href":"https:\/\/makeitcleartranslations.com\/pt\/wp-json\/wp\/v2\/types\/page"}],"author":[{"embeddable":true,"href":"https:\/\/makeitcleartranslations.com\/pt\/wp-json\/wp\/v2\/users\/1"}],"replies":[{"embeddable":true,"href":"https:\/\/makeitcleartranslations.com\/pt\/wp-json\/wp\/v2\/comments?post=558"}],"version-history":[{"count":15,"href":"https:\/\/makeitcleartranslations.com\/pt\/wp-json\/wp\/v2\/pages\/558\/revisions"}],"predecessor-version":[{"id":986,"href":"https:\/\/makeitcleartranslations.com\/pt\/wp-json\/wp\/v2\/pages\/558\/revisions\/986"}],"wp:attachment":[{"href":"https:\/\/makeitcleartranslations.com\/pt\/wp-json\/wp\/v2\/media?parent=558"}],"curies":[{"name":"wp","href":"https:\/\/api.w.org\/{rel}","templated":true}]}}