{"id":550,"date":"2023-06-29T12:07:50","date_gmt":"2023-06-29T15:07:50","guid":{"rendered":"https:\/\/carlosp.com.br\/livia\/?page_id=550"},"modified":"2024-02-23T11:07:31","modified_gmt":"2024-02-23T14:07:31","slug":"about","status":"publish","type":"page","link":"https:\/\/makeitcleartranslations.com\/pt\/about\/","title":{"rendered":"Sobre"},"content":{"rendered":"<p><a href=\"https:\/\/makeitcleartranslations.com\/\" target=\"_blank\" rel=\"noopener\"><strong>Make It Clear<\/strong><\/a> \u00e9 um LSP que visa oferecer servi\u00e7os de tradu\u00e7\u00e3o e localiza\u00e7\u00e3o somente atrav\u00e9s de pessoas. Nosso objetivo \u00e9 atingir uma qualidade de alto n\u00edvel para qualquer documento que voc\u00ea queira traduzir. Se o seu foco \u00e9 na qualidade e sua vontade \u00e9 expandir a presen\u00e7a da sua marca para outros mercados ou p\u00fablicos, n\u00f3s podemos te ajudar.<\/p>","protected":false},"excerpt":{"rendered":"<p>Make It Clear is a Brazilian LSP fully invested in providing services through humans only. Our goal is to achieve top quality in any copy you need. If you are quality-focused and would like to expand the presence of your brand in a fluent and natural way, we got you covered.<\/p>","protected":false},"author":1,"featured_media":914,"parent":0,"menu_order":0,"comment_status":"closed","ping_status":"closed","template":"","meta":{"_acf_changed":false,"footnotes":""},"class_list":["post-550","page","type-page","status-publish","has-post-thumbnail","hentry"],"acf":[],"_links":{"self":[{"href":"https:\/\/makeitcleartranslations.com\/pt\/wp-json\/wp\/v2\/pages\/550","targetHints":{"allow":["GET"]}}],"collection":[{"href":"https:\/\/makeitcleartranslations.com\/pt\/wp-json\/wp\/v2\/pages"}],"about":[{"href":"https:\/\/makeitcleartranslations.com\/pt\/wp-json\/wp\/v2\/types\/page"}],"author":[{"embeddable":true,"href":"https:\/\/makeitcleartranslations.com\/pt\/wp-json\/wp\/v2\/users\/1"}],"replies":[{"embeddable":true,"href":"https:\/\/makeitcleartranslations.com\/pt\/wp-json\/wp\/v2\/comments?post=550"}],"version-history":[{"count":50,"href":"https:\/\/makeitcleartranslations.com\/pt\/wp-json\/wp\/v2\/pages\/550\/revisions"}],"predecessor-version":[{"id":1001,"href":"https:\/\/makeitcleartranslations.com\/pt\/wp-json\/wp\/v2\/pages\/550\/revisions\/1001"}],"wp:featuredmedia":[{"embeddable":true,"href":"https:\/\/makeitcleartranslations.com\/pt\/wp-json\/wp\/v2\/media\/914"}],"wp:attachment":[{"href":"https:\/\/makeitcleartranslations.com\/pt\/wp-json\/wp\/v2\/media?parent=550"}],"curies":[{"name":"wp","href":"https:\/\/api.w.org\/{rel}","templated":true}]}}