{"id":223,"date":"2023-04-17T08:58:18","date_gmt":"2023-04-17T11:58:18","guid":{"rendered":"https:\/\/carlosp.com.br\/vr\/?page_id=223"},"modified":"2025-04-22T15:53:06","modified_gmt":"2025-04-22T18:53:06","slug":"contact","status":"publish","type":"page","link":"https:\/\/makeitcleartranslations.com\/pt\/contact\/","title":{"rendered":"Contato"},"content":{"rendered":"<p>Queremos ouvir voc\u00ea!<\/p>\n<p>Fique \u00e0 vontade para solicitar um or\u00e7amento, tirar d\u00favidas ou compartilhar seu feedback. Caso queira trabalhar com a gente, envie seu curr\u00edculo para <strong><a href=\"mailto:careers@makeitcleartranslations.com\">claudia@makeitcleartranslations.com<\/a>.<\/strong><\/p>","protected":false},"excerpt":{"rendered":"<p>We would love to hear from you! Feel free to request a quote, ask questions or share your feedback. If you would like to work with us, please send your resume to claudia@makeitcleartranslations.com.<\/p>","protected":false},"author":1,"featured_media":0,"parent":0,"menu_order":0,"comment_status":"closed","ping_status":"closed","template":"","meta":{"_acf_changed":false,"footnotes":""},"class_list":["post-223","page","type-page","status-publish","hentry"],"acf":[],"_links":{"self":[{"href":"https:\/\/makeitcleartranslations.com\/pt\/wp-json\/wp\/v2\/pages\/223","targetHints":{"allow":["GET"]}}],"collection":[{"href":"https:\/\/makeitcleartranslations.com\/pt\/wp-json\/wp\/v2\/pages"}],"about":[{"href":"https:\/\/makeitcleartranslations.com\/pt\/wp-json\/wp\/v2\/types\/page"}],"author":[{"embeddable":true,"href":"https:\/\/makeitcleartranslations.com\/pt\/wp-json\/wp\/v2\/users\/1"}],"replies":[{"embeddable":true,"href":"https:\/\/makeitcleartranslations.com\/pt\/wp-json\/wp\/v2\/comments?post=223"}],"version-history":[{"count":29,"href":"https:\/\/makeitcleartranslations.com\/pt\/wp-json\/wp\/v2\/pages\/223\/revisions"}],"predecessor-version":[{"id":1020,"href":"https:\/\/makeitcleartranslations.com\/pt\/wp-json\/wp\/v2\/pages\/223\/revisions\/1020"}],"wp:attachment":[{"href":"https:\/\/makeitcleartranslations.com\/pt\/wp-json\/wp\/v2\/media?parent=223"}],"curies":[{"name":"wp","href":"https:\/\/api.w.org\/{rel}","templated":true}]}}